{"id":82,"date":"2024-10-05T18:57:34","date_gmt":"2024-10-05T21:57:34","guid":{"rendered":"https:\/\/contabilpita.com.br\/?page_id=82"},"modified":"2025-03-24T18:27:16","modified_gmt":"2025-03-24T21:27:16","slug":"servicos","status":"publish","type":"page","link":"https:\/\/contabilpita.com.br\/index.php\/servicos\/","title":{"rendered":"Servi\u00e7os Personalizados"},"content":{"rendered":"\n<div class=\"wp-block-cover aligncenter\" style=\"min-height:908px;aspect-ratio:unset;\"><span aria-hidden=\"true\" class=\"wp-block-cover__background has-background-dim\"><\/span><div class=\"wp-block-cover__inner-container is-layout-flow wp-block-cover-is-layout-flow\">\n<div class=\"wp-block-group is-layout-constrained wp-block-group-is-layout-constrained\">\n<div class=\"wp-block-group is-layout-constrained wp-block-group-is-layout-constrained\">\n<div class=\"wp-block-group is-layout-constrained wp-block-group-is-layout-constrained\">\n<h3 class=\"wp-block-heading\"><br><strong>Servi\u00e7os de Abertura, Altera\u00e7\u00e3o e Encerramento de Empresa<\/strong><\/h3>\n\n\n\n<p style=\"font-size:18px\">Oferecemos suporte completo para empreendedores que desejam iniciar, modificar ou encerrar suas atividades empresariais. Nosso servi\u00e7o de <strong>abertura de empresas<\/strong> garante que todos os tr\u00e2mites legais e fiscais sejam cumpridos, facilitando um in\u00edcio seguro e regularizado. Para empresas j\u00e1 existentes, realizamos <strong>altera\u00e7\u00f5es contratuais<\/strong>, incluindo mudan\u00e7as de s\u00f3cios, endere\u00e7o, atividade econ\u00f4mica e capital social. Quando necess\u00e1rio, tamb\u00e9m auxiliamos no <strong>encerramento de empresas<\/strong>, garantindo que todas as obriga\u00e7\u00f5es legais sejam cumpridas, evitando problemas futuros. Conte com nossa expertise para manter sua empresa sempre regularizada!<\/p>\n\n\n\n<div class=\"wp-block-buttons is-layout-flex wp-block-buttons-is-layout-flex\">\n<div class=\"wp-block-button\"><a class=\"wp-block-button__link wp-element-button\" href=\"https:\/\/wa.me\/5511952330544\">Saiba Mais<\/a><\/div>\n<\/div>\n\n\n\n<div style=\"height:79px\" aria-hidden=\"true\" class=\"wp-block-spacer\"><\/div>\n<\/div>\n\n\n\n<h3 class=\"wp-block-heading\">Servi\u00e7os Fiscais: Planejamento Tribut\u00e1rio e Fiscal<\/h3>\n\n\n\n<p style=\"font-size:18px\">N\u00f3s oferecemos servi\u00e7os fiscais completos, incluindo apura\u00e7\u00e3o de impostos, elabora\u00e7\u00e3o de declara\u00e7\u00f5es obrigat\u00f3rias, assessoria tribut\u00e1ria e suporte em fiscaliza\u00e7\u00f5es. Garantimos conformidade e efici\u00eancia para sua empresa.<\/p>\n\n\n\n<div class=\"wp-block-buttons is-layout-flex wp-block-buttons-is-layout-flex\">\n<div class=\"wp-block-button\"><a class=\"wp-block-button__link wp-element-button\" href=\"https:\/\/wa.me\/5511952330544\">Saiba Mais<\/a><\/div>\n<\/div>\n<\/div>\n<\/div>\n\n\n\n<div style=\"height:79px\" aria-hidden=\"true\" class=\"wp-block-spacer\"><\/div>\n\n\n\n<h3 class=\"wp-block-heading\">Servi\u00e7os Trabalhistas: Folha de Pagamento e Obriga\u00e7\u00f5es Trabalhistas<\/h3>\n\n\n\n<p style=\"font-size:18px\">N\u00f3s prestamos servi\u00e7os trabalhistas essenciais, como folha de pagamento, c\u00e1lculo de encargos, admiss\u00f5es e rescis\u00f5es, e-social, obriga\u00e7\u00f5es acess\u00f3rias e assessoria em fiscaliza\u00e7\u00f5es. Garantimos conformidade e seguran\u00e7a para sua empresa.<\/p>\n\n\n\n<div class=\"wp-block-buttons is-layout-flex wp-block-buttons-is-layout-flex\">\n<div class=\"wp-block-button\"><a class=\"wp-block-button__link wp-element-button\" href=\"https:\/\/wa.me\/5511952330544\">Saiba Mais<\/a><\/div>\n<\/div>\n\n\n\n<div style=\"height:79px\" aria-hidden=\"true\" class=\"wp-block-spacer\"><\/div>\n<\/div><\/div>\n\n\n\n<p><\/p>\n","protected":false},"excerpt":{"rendered":"","protected":false},"author":1,"featured_media":0,"parent":0,"menu_order":5,"comment_status":"closed","ping_status":"closed","template":"","meta":{"footnotes":""},"class_list":["post-82","page","type-page","status-publish","hentry"],"_links":{"self":[{"href":"https:\/\/contabilpita.com.br\/index.php\/wp-json\/wp\/v2\/pages\/82","targetHints":{"allow":["GET"]}}],"collection":[{"href":"https:\/\/contabilpita.com.br\/index.php\/wp-json\/wp\/v2\/pages"}],"about":[{"href":"https:\/\/contabilpita.com.br\/index.php\/wp-json\/wp\/v2\/types\/page"}],"author":[{"embeddable":true,"href":"https:\/\/contabilpita.com.br\/index.php\/wp-json\/wp\/v2\/users\/1"}],"replies":[{"embeddable":true,"href":"https:\/\/contabilpita.com.br\/index.php\/wp-json\/wp\/v2\/comments?post=82"}],"version-history":[{"count":19,"href":"https:\/\/contabilpita.com.br\/index.php\/wp-json\/wp\/v2\/pages\/82\/revisions"}],"predecessor-version":[{"id":330,"href":"https:\/\/contabilpita.com.br\/index.php\/wp-json\/wp\/v2\/pages\/82\/revisions\/330"}],"wp:attachment":[{"href":"https:\/\/contabilpita.com.br\/index.php\/wp-json\/wp\/v2\/media?parent=82"}],"curies":[{"name":"wp","href":"https:\/\/api.w.org\/{rel}","templated":true}]}}