{"id":2,"date":"2023-09-26T09:34:03","date_gmt":"2023-09-26T12:34:03","guid":{"rendered":"https:\/\/contabilpita.com.br\/?page_id=2"},"modified":"2026-03-01T21:12:19","modified_gmt":"2026-03-02T00:12:19","slug":"blog-contabilpita-com-br","status":"publish","type":"page","link":"https:\/\/contabilpita.com.br\/index.php\/blog-contabilpita-com-br\/","title":{"rendered":"Parceria"},"content":{"rendered":"\n<h2 class=\"wp-block-heading\">Programa De Indica\u00e7\u00e3o<\/h2>\n\n\n\n<h2 class=\"wp-block-heading\">Valorizando as rela\u00e7\u00f5es de confian\u00e7a<\/h2>\n\n\n\n<p>No <strong>Programa Parceria Cont\u00e1bil Pita<\/strong>, acreditamos que a confian\u00e7a \u00e9 a base de qualquer boa rela\u00e7\u00e3o. Ao indicar empresas prestadoras de servi\u00e7o, voc\u00ea n\u00e3o apenas ajuda a conectar neg\u00f3cios de qualidade, mas tamb\u00e9m pode obter benef\u00edcios reais. Nossa iniciativa \u00e9 exclusiva para fortalecer esses la\u00e7os de parceria e reconhecer suas indica\u00e7\u00f5es.<\/p>\n\n\n\n<h2 class=\"wp-block-heading\">Benef\u00edcios para voc\u00ea e a empresa indicada<\/h2>\n\n\n\n<p>Ao indicar uma empresa que deseja abrir um neg\u00f3cio ou transferir sua contabilidade para a Cont\u00e1bil Pita, voc\u00ea pode garantir vantagens para todos os envolvidos. Para cada indica\u00e7\u00e3o v\u00e1lida, tanto voc\u00ea quanto a empresa indicada recebem <strong>15% de desconto<\/strong> na mensalidade. Al\u00e9m disso, esse benef\u00edcio \u00e9 cumulativo, ou seja, quanto mais voc\u00ea indicar, maiores ser\u00e3o suas economias!<\/p>\n\n\n\n<h2 class=\"wp-block-heading\">Regras do Programa<\/h2>\n\n\n\n<p>Para que sua indica\u00e7\u00e3o seja validada, \u00e9 necess\u00e1rio que haja a assinatura do contrato e o in\u00edcio da presta\u00e7\u00e3o dos servi\u00e7os. O desconto ser\u00e1 aplicado na mensalidade subsequente \u00e0 confirma\u00e7\u00e3o da contrata\u00e7\u00e3o. Lembre-se, este programa \u00e9 exclusivo para empresas de presta\u00e7\u00e3o de servi\u00e7os que est\u00e3o enquadradas no Simples Nacional e \u00e9 destinado apenas a clientes ativos e adimplentes.<\/p>\n\n\n\n<p>Na Cont\u00e1bil Pita, acreditamos que crescer junto \u00e9 sempre melhor. Se voc\u00ea confia no nosso trabalho, n\u00e3o hesite em indicar. Valorize sua parceria conosco e aproveite os benef\u00edcios que o <strong>Programa Parceria Cont\u00e1bil Pita<\/strong> tem a oferecer!<\/p>\n","protected":false},"excerpt":{"rendered":"<p>Programa De Indica\u00e7\u00e3o Valorizando as rela\u00e7\u00f5es de confian\u00e7a No Programa Parceria Cont\u00e1bil Pita, acreditamos que a confian\u00e7a \u00e9 a base de qualquer boa rela\u00e7\u00e3o. Ao indicar empresas prestadoras de servi\u00e7o, voc\u00ea n\u00e3o apenas ajuda a conectar neg\u00f3cios de qualidade, mas tamb\u00e9m pode obter benef\u00edcios reais. Nossa iniciativa \u00e9 exclusiva para fortalecer esses la\u00e7os de parceria [&hellip;]<\/p>\n","protected":false},"author":1,"featured_media":0,"parent":0,"menu_order":0,"comment_status":"closed","ping_status":"closed","template":"","meta":{"footnotes":""},"class_list":["post-2","page","type-page","status-publish","hentry"],"_links":{"self":[{"href":"https:\/\/contabilpita.com.br\/index.php\/wp-json\/wp\/v2\/pages\/2","targetHints":{"allow":["GET"]}}],"collection":[{"href":"https:\/\/contabilpita.com.br\/index.php\/wp-json\/wp\/v2\/pages"}],"about":[{"href":"https:\/\/contabilpita.com.br\/index.php\/wp-json\/wp\/v2\/types\/page"}],"author":[{"embeddable":true,"href":"https:\/\/contabilpita.com.br\/index.php\/wp-json\/wp\/v2\/users\/1"}],"replies":[{"embeddable":true,"href":"https:\/\/contabilpita.com.br\/index.php\/wp-json\/wp\/v2\/comments?post=2"}],"version-history":[{"count":20,"href":"https:\/\/contabilpita.com.br\/index.php\/wp-json\/wp\/v2\/pages\/2\/revisions"}],"predecessor-version":[{"id":364,"href":"https:\/\/contabilpita.com.br\/index.php\/wp-json\/wp\/v2\/pages\/2\/revisions\/364"}],"wp:attachment":[{"href":"https:\/\/contabilpita.com.br\/index.php\/wp-json\/wp\/v2\/media?parent=2"}],"curies":[{"name":"wp","href":"https:\/\/api.w.org\/{rel}","templated":true}]}}